{"id":933,"date":"2024-12-12T16:11:33","date_gmt":"2024-12-12T16:11:33","guid":{"rendered":"https:\/\/losprimerosfuegos.com\/?page_id=933"},"modified":"2024-12-12T17:53:30","modified_gmt":"2024-12-12T17:53:30","slug":"el-silencio-y-lo-demas","status":"publish","type":"page","link":"https:\/\/losprimerosfuegos.com\/index.php\/el-silencio-y-lo-demas\/","title":{"rendered":"El silencio y lo dem\u00e1s (1)"},"content":{"rendered":"\t\t<div data-elementor-type=\"wp-page\" data-elementor-id=\"933\" class=\"elementor elementor-933\">\n\t\t\t\t\t\t\t\t\t<section class=\"elementor-section elementor-top-section elementor-element elementor-element-5b9f1d3 elementor-section-boxed elementor-section-height-default elementor-section-height-default\" data-id=\"5b9f1d3\" data-element_type=\"section\">\n\t\t\t\t\t\t<div class=\"elementor-container elementor-column-gap-default\">\n\t\t\t\t\t<div class=\"elementor-column elementor-col-100 elementor-top-column elementor-element elementor-element-4081034\" data-id=\"4081034\" data-element_type=\"column\">\n\t\t\t<div class=\"elementor-widget-wrap elementor-element-populated\">\n\t\t\t\t\t\t\t\t<div class=\"elementor-element elementor-element-a4abfd9 elementor-widget elementor-widget-heading\" data-id=\"a4abfd9\" data-element_type=\"widget\" data-widget_type=\"heading.default\">\n\t\t\t\t<div class=\"elementor-widget-container\">\n\t\t\t<style>\/*! elementor - v3.7.1 - 14-08-2022 *\/\n.elementor-heading-title{padding:0;margin:0;line-height:1}.elementor-widget-heading .elementor-heading-title[class*=elementor-size-]>a{color:inherit;font-size:inherit;line-height:inherit}.elementor-widget-heading .elementor-heading-title.elementor-size-small{font-size:15px}.elementor-widget-heading .elementor-heading-title.elementor-size-medium{font-size:19px}.elementor-widget-heading .elementor-heading-title.elementor-size-large{font-size:29px}.elementor-widget-heading .elementor-heading-title.elementor-size-xl{font-size:39px}.elementor-widget-heading .elementor-heading-title.elementor-size-xxl{font-size:59px}<\/style><h2 class=\"elementor-heading-title elementor-size-default\">El silencio y lo dem\u00e1s<\/h2>\t\t<\/div>\n\t\t\t\t<\/div>\n\t\t\t\t\t<\/div>\n\t\t<\/div>\n\t\t\t\t\t\t\t<\/div>\n\t\t<\/section>\n\t\t\t\t<section class=\"elementor-section elementor-top-section elementor-element elementor-element-eb77dc7 elementor-section-boxed elementor-section-height-default elementor-section-height-default\" data-id=\"eb77dc7\" data-element_type=\"section\">\n\t\t\t\t\t\t<div class=\"elementor-container elementor-column-gap-default\">\n\t\t\t\t\t<div class=\"elementor-column elementor-col-50 elementor-top-column elementor-element elementor-element-dc93e92\" data-id=\"dc93e92\" data-element_type=\"column\">\n\t\t\t<div class=\"elementor-widget-wrap elementor-element-populated\">\n\t\t\t\t\t\t\t\t<div class=\"elementor-element elementor-element-6f8378a elementor-widget elementor-widget-image\" data-id=\"6f8378a\" data-element_type=\"widget\" data-widget_type=\"image.default\">\n\t\t\t\t<div class=\"elementor-widget-container\">\n\t\t\t<style>\/*! elementor - v3.7.1 - 14-08-2022 *\/\n.elementor-widget-image{text-align:center}.elementor-widget-image a{display:inline-block}.elementor-widget-image a img[src$=\".svg\"]{width:48px}.elementor-widget-image img{vertical-align:middle;display:inline-block}<\/style>\t\t\t\t\t\t\t\t\t\t\t\t<img decoding=\"async\" width=\"724\" height=\"1024\" src=\"https:\/\/losprimerosfuegos.com\/wp-content\/uploads\/2024\/12\/Poemario-talleres-individuales-724x1024.jpg\" class=\"attachment-large size-large\" alt=\"El silencio y lo dem\u00e1s\" loading=\"lazy\" srcset=\"https:\/\/losprimerosfuegos.com\/wp-content\/uploads\/2024\/12\/Poemario-talleres-individuales-724x1024.jpg 724w, https:\/\/losprimerosfuegos.com\/wp-content\/uploads\/2024\/12\/Poemario-talleres-individuales-212x300.jpg 212w, https:\/\/losprimerosfuegos.com\/wp-content\/uploads\/2024\/12\/Poemario-talleres-individuales-768x1086.jpg 768w, https:\/\/losprimerosfuegos.com\/wp-content\/uploads\/2024\/12\/Poemario-talleres-individuales-1086x1536.jpg 1086w, https:\/\/losprimerosfuegos.com\/wp-content\/uploads\/2024\/12\/Poemario-talleres-individuales.jpg 1414w\" sizes=\"(max-width: 724px) 100vw, 724px\" \/>\t\t\t\t\t\t\t\t\t\t\t\t\t\t\t<\/div>\n\t\t\t\t<\/div>\n\t\t\t\t\t<\/div>\n\t\t<\/div>\n\t\t\t\t<div class=\"elementor-column elementor-col-50 elementor-top-column elementor-element elementor-element-20c3e5f\" data-id=\"20c3e5f\" data-element_type=\"column\">\n\t\t\t<div class=\"elementor-widget-wrap elementor-element-populated\">\n\t\t\t\t\t\t\t\t<div class=\"elementor-element elementor-element-d3d6a8a elementor-widget elementor-widget-text-editor\" data-id=\"d3d6a8a\" data-element_type=\"widget\" data-widget_type=\"text-editor.default\">\n\t\t\t\t<div class=\"elementor-widget-container\">\n\t\t\t<style>\/*! elementor - v3.7.1 - 14-08-2022 *\/\n.elementor-widget-text-editor.elementor-drop-cap-view-stacked .elementor-drop-cap{background-color:#818a91;color:#fff}.elementor-widget-text-editor.elementor-drop-cap-view-framed .elementor-drop-cap{color:#818a91;border:3px solid;background-color:transparent}.elementor-widget-text-editor:not(.elementor-drop-cap-view-default) .elementor-drop-cap{margin-top:8px}.elementor-widget-text-editor:not(.elementor-drop-cap-view-default) .elementor-drop-cap-letter{width:1em;height:1em}.elementor-widget-text-editor .elementor-drop-cap{float:left;text-align:center;line-height:1;font-size:50px}.elementor-widget-text-editor .elementor-drop-cap-letter{display:inline-block}<\/style>\t\t\t\t<p style=\"font-size: 15px; font-style: normal; font-weight: 400;\">Estos poemas fueron trabajados durante la segunda mitad de 2024 en los talleres de poes\u00eda coordinados por Tamara Grosso.\u00a0<\/p><p style=\"font-size: 15px; font-style: normal; font-weight: 400;\">Descarg\u00e1 el poemario desde el bot\u00f3n de abajo. Est\u00e1 pensado para leer desde el celular.\u00a0<\/p><p style=\"font-size: 15px; font-style: normal; font-weight: 400;\">El contenido es a la gorra: si te gusta, pod\u00e9s colaborar con un cafecito para que podamos sostener el espacio.<\/p><p style=\"font-size: 15px; font-style: normal; font-weight: 400;\">\u00a1Que lo disfrutes!<\/p>\t\t\t\t\t\t<\/div>\n\t\t\t\t<\/div>\n\t\t\t\t<div class=\"elementor-element elementor-element-8fb1bf2 elementor-widget elementor-widget-html\" data-id=\"8fb1bf2\" data-element_type=\"widget\" data-widget_type=\"html.default\">\n\t\t\t\t<div class=\"elementor-widget-container\">\n\t\t\t<a href='https:\/\/cafecito.app\/losprimerosfuegos' rel='noopener' target='_blank'><img srcset='https:\/\/cdn.cafecito.app\/imgs\/buttons\/button_5.png 1x, https:\/\/cdn.cafecito.app\/imgs\/buttons\/button_5_2x.png 2x, https:\/\/cdn.cafecito.app\/imgs\/buttons\/button_5_3.75x.png 3.75x' src='https:\/\/cdn.cafecito.app\/imgs\/buttons\/button_5.png' alt='Invitame un caf\u00e9 en cafecito.app' \/><\/a>\t\t<\/div>\n\t\t\t\t<\/div>\n\t\t\t\t<div class=\"elementor-element elementor-element-bf98332 elementor-mobile-align-left elementor-widget elementor-widget-button\" data-id=\"bf98332\" data-element_type=\"widget\" data-widget_type=\"button.default\">\n\t\t\t\t<div class=\"elementor-widget-container\">\n\t\t\t\t\t<div class=\"elementor-button-wrapper\">\n\t\t\t<a href=\"https:\/\/losprimerosfuegos.com\/wp-content\/uploads\/2024\/12\/Poemario-El-silencio-y-lo-demas-1.pdf\" class=\"elementor-button-link elementor-button elementor-size-sm\" role=\"button\" id=\"Silencio 1\">\n\t\t\t\t\t\t<span class=\"elementor-button-content-wrapper\">\n\t\t\t\t\t\t<span class=\"elementor-button-text\">Descargar<\/span>\n\t\t<\/span>\n\t\t\t\t\t<\/a>\n\t\t<\/div>\n\t\t\t\t<\/div>\n\t\t\t\t<\/div>\n\t\t\t\t\t<\/div>\n\t\t<\/div>\n\t\t\t\t\t\t\t<\/div>\n\t\t<\/section>\n\t\t\t\t\t\t\t<\/div>\n\t\t","protected":false},"excerpt":{"rendered":"<p>El silencio y lo dem\u00e1s Estos poemas fueron trabajados durante la segunda mitad de 2024 en los talleres de poes\u00eda coordinados por Tamara Grosso.\u00a0 Descarg\u00e1 el poemario desde el bot\u00f3n de abajo. Est\u00e1 pensado para leer desde el celular.\u00a0 El contenido es a la gorra: si te gusta, pod\u00e9s colaborar con un cafecito para que &hellip;<\/p>\n<p class=\"read-more\"> <a class=\"\" href=\"https:\/\/losprimerosfuegos.com\/index.php\/el-silencio-y-lo-demas\/\"> <span class=\"screen-reader-text\">El silencio y lo dem\u00e1s (1)<\/span> Leer m\u00e1s &raquo;<\/a><\/p>\n","protected":false},"author":1,"featured_media":0,"parent":0,"menu_order":0,"comment_status":"closed","ping_status":"closed","template":"","meta":{"om_disable_all_campaigns":false,"_monsterinsights_skip_tracking":false,"_monsterinsights_sitenote_active":false,"_monsterinsights_sitenote_note":"","_monsterinsights_sitenote_category":0,"site-sidebar-layout":"no-sidebar","site-content-layout":"page-builder","ast-global-header-display":"","ast-main-header-display":"","ast-hfb-above-header-display":"","ast-hfb-below-header-display":"","ast-hfb-mobile-header-display":"","site-post-title":"disabled","ast-breadcrumbs-content":"","ast-featured-img":"disabled","footer-sml-layout":"","theme-transparent-header-meta":"","adv-header-id-meta":"","stick-header-meta":"","header-above-stick-meta":"","header-main-stick-meta":"","header-below-stick-meta":""},"aioseo_notices":[],"_links":{"self":[{"href":"https:\/\/losprimerosfuegos.com\/index.php\/wp-json\/wp\/v2\/pages\/933"}],"collection":[{"href":"https:\/\/losprimerosfuegos.com\/index.php\/wp-json\/wp\/v2\/pages"}],"about":[{"href":"https:\/\/losprimerosfuegos.com\/index.php\/wp-json\/wp\/v2\/types\/page"}],"author":[{"embeddable":true,"href":"https:\/\/losprimerosfuegos.com\/index.php\/wp-json\/wp\/v2\/users\/1"}],"replies":[{"embeddable":true,"href":"https:\/\/losprimerosfuegos.com\/index.php\/wp-json\/wp\/v2\/comments?post=933"}],"version-history":[{"count":25,"href":"https:\/\/losprimerosfuegos.com\/index.php\/wp-json\/wp\/v2\/pages\/933\/revisions"}],"predecessor-version":[{"id":1081,"href":"https:\/\/losprimerosfuegos.com\/index.php\/wp-json\/wp\/v2\/pages\/933\/revisions\/1081"}],"wp:attachment":[{"href":"https:\/\/losprimerosfuegos.com\/index.php\/wp-json\/wp\/v2\/media?parent=933"}],"curies":[{"name":"wp","href":"https:\/\/api.w.org\/{rel}","templated":true}]}}