{"id":9,"date":"2022-10-27T23:05:36","date_gmt":"2022-10-27T23:05:36","guid":{"rendered":"https:\/\/losprimerosfuegos-com.preview-domain.com\/?page_id=9"},"modified":"2025-12-15T19:10:17","modified_gmt":"2025-12-15T19:10:17","slug":"home","status":"publish","type":"page","link":"https:\/\/losprimerosfuegos.com\/","title":{"rendered":"Inicio"},"content":{"rendered":"\t\t<div data-elementor-type=\"wp-page\" data-elementor-id=\"9\" class=\"elementor elementor-9\">\n\t\t\t\t\t\t\t\t\t<section class=\"elementor-section elementor-top-section elementor-element elementor-element-4ce98e8 elementor-section-boxed elementor-section-height-default elementor-section-height-default\" data-id=\"4ce98e8\" data-element_type=\"section\">\n\t\t\t\t\t\t<div class=\"elementor-container elementor-column-gap-default\">\n\t\t\t\t\t<div class=\"elementor-column elementor-col-100 elementor-top-column elementor-element elementor-element-7625472\" data-id=\"7625472\" data-element_type=\"column\">\n\t\t\t<div class=\"elementor-widget-wrap elementor-element-populated\">\n\t\t\t\t\t\t\t\t<div class=\"elementor-element elementor-element-d8f81e1 animated-slow elementor-invisible elementor-widget elementor-widget-heading\" data-id=\"d8f81e1\" data-element_type=\"widget\" data-settings=\"{&quot;_animation&quot;:&quot;fadeInLeft&quot;}\" data-widget_type=\"heading.default\">\n\t\t\t\t<div class=\"elementor-widget-container\">\n\t\t\t<style>\/*! elementor - v3.7.1 - 14-08-2022 *\/\n.elementor-heading-title{padding:0;margin:0;line-height:1}.elementor-widget-heading .elementor-heading-title[class*=elementor-size-]>a{color:inherit;font-size:inherit;line-height:inherit}.elementor-widget-heading .elementor-heading-title.elementor-size-small{font-size:15px}.elementor-widget-heading .elementor-heading-title.elementor-size-medium{font-size:19px}.elementor-widget-heading .elementor-heading-title.elementor-size-large{font-size:29px}.elementor-widget-heading .elementor-heading-title.elementor-size-xl{font-size:39px}.elementor-widget-heading .elementor-heading-title.elementor-size-xxl{font-size:59px}<\/style><h4 class=\"elementor-heading-title elementor-size-default\">\u00bfQu\u00e9 te gustar\u00eda leer?<\/h4>\t\t<\/div>\n\t\t\t\t<\/div>\n\t\t\t\t\t<\/div>\n\t\t<\/div>\n\t\t\t\t\t\t\t<\/div>\n\t\t<\/section>\n\t\t\t\t<section class=\"elementor-section elementor-top-section elementor-element elementor-element-ce4fcdf elementor-section-boxed elementor-section-height-default elementor-section-height-default\" data-id=\"ce4fcdf\" data-element_type=\"section\">\n\t\t\t\t\t\t<div class=\"elementor-container elementor-column-gap-default\">\n\t\t\t\t\t<div class=\"elementor-column elementor-col-100 elementor-top-column elementor-element elementor-element-adc9712\" data-id=\"adc9712\" data-element_type=\"column\">\n\t\t\t<div class=\"elementor-widget-wrap elementor-element-populated\">\n\t\t\t\t\t\t\t\t<div class=\"elementor-element elementor-element-017c5c0 elementor-widget elementor-widget-text-editor\" data-id=\"017c5c0\" data-element_type=\"widget\" data-widget_type=\"text-editor.default\">\n\t\t\t\t<div class=\"elementor-widget-container\">\n\t\t\t<style>\/*! elementor - v3.7.1 - 14-08-2022 *\/\n.elementor-widget-text-editor.elementor-drop-cap-view-stacked .elementor-drop-cap{background-color:#818a91;color:#fff}.elementor-widget-text-editor.elementor-drop-cap-view-framed .elementor-drop-cap{color:#818a91;border:3px solid;background-color:transparent}.elementor-widget-text-editor:not(.elementor-drop-cap-view-default) .elementor-drop-cap{margin-top:8px}.elementor-widget-text-editor:not(.elementor-drop-cap-view-default) .elementor-drop-cap-letter{width:1em;height:1em}.elementor-widget-text-editor .elementor-drop-cap{float:left;text-align:center;line-height:1;font-size:50px}.elementor-widget-text-editor .elementor-drop-cap-letter{display:inline-block}<\/style>\t\t\t\t<p>En <strong>poemarios\u00a0<\/strong>vas a encontrar peque\u00f1os libros de poes\u00eda para descargar, leer y llevar donde quieras. Son a la gorra, despu\u00e9s de leerlos pod\u00e9s colaborar invit\u00e1ndonos un cafecito.\u00a0En el blog de\u00a0<strong>lecturas\u00a0<\/strong>vas a encontrar relatos, entradas de diario o textos en prosa que nos gustar\u00eda que recuerdes por much\u00edsimo tiempo despu\u00e9s de haberlos le\u00eddo.<br \/>Todos los textos que vas a encontrar en\u00a0<em>Los primeros fuegos<\/em>\u00a0fueron trabajados especialmente para publicarse en este espacio.\u00a0<\/p>\t\t\t\t\t\t<\/div>\n\t\t\t\t<\/div>\n\t\t\t\t\t<\/div>\n\t\t<\/div>\n\t\t\t\t\t\t\t<\/div>\n\t\t<\/section>\n\t\t\t\t<section class=\"elementor-section elementor-top-section elementor-element elementor-element-cebf853 elementor-section-boxed elementor-section-height-default elementor-section-height-default\" data-id=\"cebf853\" data-element_type=\"section\">\n\t\t\t\t\t\t<div class=\"elementor-container elementor-column-gap-default\">\n\t\t\t\t\t<div class=\"elementor-column elementor-col-100 elementor-top-column elementor-element elementor-element-66210ec\" data-id=\"66210ec\" data-element_type=\"column\">\n\t\t\t<div class=\"elementor-widget-wrap elementor-element-populated\">\n\t\t\t\t\t\t\t\t<div class=\"elementor-element elementor-element-dc28262 elementor-widget elementor-widget-heading\" data-id=\"dc28262\" data-element_type=\"widget\" data-widget_type=\"heading.default\">\n\t\t\t\t<div class=\"elementor-widget-container\">\n\t\t\t<h3 class=\"elementor-heading-title elementor-size-default\">Poemarios<\/h3>\t\t<\/div>\n\t\t\t\t<\/div>\n\t\t\t\t\t<\/div>\n\t\t<\/div>\n\t\t\t\t\t\t\t<\/div>\n\t\t<\/section>\n\t\t\t\t<section class=\"elementor-section elementor-top-section elementor-element elementor-element-313a8a5 elementor-section-boxed elementor-section-height-default elementor-section-height-default\" data-id=\"313a8a5\" data-element_type=\"section\">\n\t\t\t\t\t\t<div class=\"elementor-container elementor-column-gap-default\">\n\t\t\t\t\t<div class=\"elementor-column elementor-col-100 elementor-top-column elementor-element elementor-element-e593096\" data-id=\"e593096\" data-element_type=\"column\">\n\t\t\t<div class=\"elementor-widget-wrap elementor-element-populated\">\n\t\t\t\t\t\t\t\t<div class=\"elementor-element elementor-element-f1486d0 elementor-widget elementor-widget-image\" data-id=\"f1486d0\" data-element_type=\"widget\" data-widget_type=\"image.default\">\n\t\t\t\t<div class=\"elementor-widget-container\">\n\t\t\t<style>\/*! elementor - v3.7.1 - 14-08-2022 *\/\n.elementor-widget-image{text-align:center}.elementor-widget-image a{display:inline-block}.elementor-widget-image a img[src$=\".svg\"]{width:48px}.elementor-widget-image img{vertical-align:middle;display:inline-block}<\/style>\t\t\t\t\t\t\t\t\t\t\t\t\t<a href=\"https:\/\/losprimerosfuegos.com\/index.php\/publicaciones\/\">\n\t\t\t\t\t\t\t<img decoding=\"async\" width=\"1024\" height=\"768\" src=\"https:\/\/losprimerosfuegos.com\/wp-content\/uploads\/2025\/12\/Copia-de-Diseno-sin-titulo-9.png\" class=\"attachment-large size-large\" alt=\"Poemario nuevo\" loading=\"lazy\" srcset=\"https:\/\/losprimerosfuegos.com\/wp-content\/uploads\/2025\/12\/Copia-de-Diseno-sin-titulo-9.png 1024w, https:\/\/losprimerosfuegos.com\/wp-content\/uploads\/2025\/12\/Copia-de-Diseno-sin-titulo-9-300x225.png 300w, https:\/\/losprimerosfuegos.com\/wp-content\/uploads\/2025\/12\/Copia-de-Diseno-sin-titulo-9-768x576.png 768w\" sizes=\"(max-width: 1024px) 100vw, 1024px\" \/>\t\t\t\t\t\t\t\t<\/a>\n\t\t\t\t\t\t\t\t\t\t\t\t\t\t\t<\/div>\n\t\t\t\t<\/div>\n\t\t\t\t\t<\/div>\n\t\t<\/div>\n\t\t\t\t\t\t\t<\/div>\n\t\t<\/section>\n\t\t\t\t<section class=\"elementor-section elementor-top-section elementor-element elementor-element-f43cd56 elementor-section-boxed elementor-section-height-default elementor-section-height-default\" data-id=\"f43cd56\" data-element_type=\"section\">\n\t\t\t\t\t\t<div class=\"elementor-container elementor-column-gap-default\">\n\t\t\t\t\t<div class=\"elementor-column elementor-col-33 elementor-top-column elementor-element elementor-element-d061b7f\" data-id=\"d061b7f\" data-element_type=\"column\">\n\t\t\t<div class=\"elementor-widget-wrap elementor-element-populated\">\n\t\t\t\t\t\t\t\t<div class=\"elementor-element elementor-element-21117a9 elementor-widget elementor-widget-text-editor\" data-id=\"21117a9\" data-element_type=\"widget\" data-widget_type=\"text-editor.default\">\n\t\t\t\t<div class=\"elementor-widget-container\">\n\t\t\t\t\t\t\t<p><strong>Descarg\u00e1, lee y compart\u00ed los poemarios que quieras.&nbsp;<\/strong><strong>Son a la gorra: <span style=\"text-decoration: underline;\">colabor\u00e1 con los cafecitos que puedas<\/span>.<\/strong><\/p>\t\t\t\t\t\t<\/div>\n\t\t\t\t<\/div>\n\t\t\t\t\t<\/div>\n\t\t<\/div>\n\t\t\t\t<div class=\"elementor-column elementor-col-33 elementor-top-column elementor-element elementor-element-dfb0747\" data-id=\"dfb0747\" data-element_type=\"column\">\n\t\t\t<div class=\"elementor-widget-wrap elementor-element-populated\">\n\t\t\t\t\t\t\t\t<div class=\"elementor-element elementor-element-d87e00f elementor-widget elementor-widget-html\" data-id=\"d87e00f\" data-element_type=\"widget\" data-widget_type=\"html.default\">\n\t\t\t\t<div class=\"elementor-widget-container\">\n\t\t\t<a href='https:\/\/cafecito.app\/losprimerosfuegos' rel='noopener' target='_blank'><img srcset='https:\/\/cdn.cafecito.app\/imgs\/buttons\/button_5.png 1x, https:\/\/cdn.cafecito.app\/imgs\/buttons\/button_5_2x.png 2x, https:\/\/cdn.cafecito.app\/imgs\/buttons\/button_5_3.75x.png 3.75x' src='https:\/\/cdn.cafecito.app\/imgs\/buttons\/button_5.png' alt='Invitame un caf\u00e9 en cafecito.app' \/><\/a>\t\t<\/div>\n\t\t\t\t<\/div>\n\t\t\t\t\t<\/div>\n\t\t<\/div>\n\t\t\t\t<div class=\"elementor-column elementor-col-33 elementor-top-column elementor-element elementor-element-8ef40bd\" data-id=\"8ef40bd\" data-element_type=\"column\">\n\t\t\t<div class=\"elementor-widget-wrap elementor-element-populated\">\n\t\t\t\t\t\t\t\t<div class=\"elementor-element elementor-element-e3b5222 elementor-widget elementor-widget-button\" data-id=\"e3b5222\" data-element_type=\"widget\" data-widget_type=\"button.default\">\n\t\t\t\t<div class=\"elementor-widget-container\">\n\t\t\t\t\t<div class=\"elementor-button-wrapper\">\n\t\t\t<a href=\"https:\/\/losprimerosfuegos.com\/index.php\/publicaciones\/\" class=\"elementor-button-link elementor-button elementor-size-sm\" role=\"button\">\n\t\t\t\t\t\t<span class=\"elementor-button-content-wrapper\">\n\t\t\t\t\t\t<span class=\"elementor-button-text\">Descargar poemarios<\/span>\n\t\t<\/span>\n\t\t\t\t\t<\/a>\n\t\t<\/div>\n\t\t\t\t<\/div>\n\t\t\t\t<\/div>\n\t\t\t\t\t<\/div>\n\t\t<\/div>\n\t\t\t\t\t\t\t<\/div>\n\t\t<\/section>\n\t\t\t\t<section class=\"elementor-section elementor-top-section elementor-element elementor-element-a650c6d elementor-section-boxed elementor-section-height-default elementor-section-height-default\" data-id=\"a650c6d\" data-element_type=\"section\">\n\t\t\t\t\t\t<div class=\"elementor-container elementor-column-gap-default\">\n\t\t\t\t\t<div class=\"elementor-column elementor-col-100 elementor-top-column elementor-element elementor-element-a9cd397\" data-id=\"a9cd397\" data-element_type=\"column\">\n\t\t\t<div class=\"elementor-widget-wrap elementor-element-populated\">\n\t\t\t\t\t\t\t\t<div class=\"elementor-element elementor-element-d8d0398 elementor-widget elementor-widget-heading\" data-id=\"d8d0398\" data-element_type=\"widget\" data-widget_type=\"heading.default\">\n\t\t\t\t<div class=\"elementor-widget-container\">\n\t\t\t<h3 class=\"elementor-heading-title elementor-size-default\">Lecturas<\/h3>\t\t<\/div>\n\t\t\t\t<\/div>\n\t\t\t\t\t<\/div>\n\t\t<\/div>\n\t\t\t\t\t\t\t<\/div>\n\t\t<\/section>\n\t\t\t\t<section class=\"elementor-section elementor-top-section elementor-element elementor-element-e2fe408 elementor-section-boxed elementor-section-height-default elementor-section-height-default\" data-id=\"e2fe408\" data-element_type=\"section\">\n\t\t\t\t\t\t<div class=\"elementor-container elementor-column-gap-default\">\n\t\t\t\t\t<div class=\"elementor-column elementor-col-100 elementor-top-column elementor-element elementor-element-ecd1803\" data-id=\"ecd1803\" data-element_type=\"column\">\n\t\t\t<div class=\"elementor-widget-wrap elementor-element-populated\">\n\t\t\t\t\t\t\t\t<div class=\"elementor-element elementor-element-a60cbd5 elementor-grid-3 elementor-grid-tablet-2 elementor-grid-mobile-1 elementor-posts--align-left elementor-widget elementor-widget-blogmentor_blog_posts\" data-id=\"a60cbd5\" data-element_type=\"widget\" data-settings=\"{&quot;bm_grid_columns&quot;:&quot;3&quot;,&quot;bm_grid_columns_tablet&quot;:&quot;2&quot;,&quot;bm_grid_columns_mobile&quot;:&quot;1&quot;,&quot;post_card_grid_gap&quot;:{&quot;unit&quot;:&quot;px&quot;,&quot;size&quot;:10,&quot;sizes&quot;:[]},&quot;post_card_row_gap&quot;:{&quot;unit&quot;:&quot;px&quot;,&quot;size&quot;:35,&quot;sizes&quot;:[]}}\" data-widget_type=\"blogmentor_blog_posts.default\">\n\t\t\t\t<div class=\"elementor-widget-container\">\n\t\t\t\t\t\n\t\t\t\t\t\t\t\t<div class=\"bm-blog-posts-wrapper\" >\n\t\t\t\t\t\t\t<div class=\"bm-blog-posts bm-display-grid elementor-grid elementor-grid-3\" >\n\t\t\t\t<!-- Start Blog Layout 2 -->\n\t<div class=\"grid-item grid-style-2\">\n\t\t<div class=\"grid-item-wrapper bm_content_box\">\n\t\t\t<div class=\"grid-item-container\">\n\t\t\t\t<div class=\"grid-image entry-post-image\">\n\t\t\t\t\t<div class=\"bm-post-image clearfix bm-hover-effect bm-hover-effect-opacity\">\n\t\t\t\t\t\t<img width=\"1024\" height=\"683\" src=\"https:\/\/losprimerosfuegos.com\/wp-content\/uploads\/2026\/01\/Portada-rectangular-blog-1.jpg\" class=\"attachment-large size-large wp-post-image\" alt=\"El precio a pagar\" decoding=\"async\" loading=\"lazy\" srcset=\"https:\/\/losprimerosfuegos.com\/wp-content\/uploads\/2026\/01\/Portada-rectangular-blog-1.jpg 1024w, https:\/\/losprimerosfuegos.com\/wp-content\/uploads\/2026\/01\/Portada-rectangular-blog-1-300x200.jpg 300w, https:\/\/losprimerosfuegos.com\/wp-content\/uploads\/2026\/01\/Portada-rectangular-blog-1-768x512.jpg 768w\" sizes=\"(max-width: 1024px) 100vw, 1024px\" \/>\t\t\t\t\t<\/div>\n\t\t\t\t<\/div>\n\t\t\t\t<div class=\"bm-blog-post-content bm_content_box\">\n\t\t\t\t\t<h4 class=\"item-title bm_title\"><a href=\"https:\/\/losprimerosfuegos.com\/index.php\/2026\/01\/03\/el-precio-a-pagar\/\" rel=\"bookmark\">El precio a pagar<\/a><\/h4>\t\t\t\t\t<div class=\"item-excerpt bm_content\">\n\t\t\t\t\t\u00bfCu\u00e1l es el precio que se puede pagar por un cuerpo?\t\t\t\t\t<\/div>\n\t\t\t\t\t<div class=\"items-meta bm_meta\">\n\t\t\t\t\t\t\t\t\t\t<\/div>\n\t\t\t\t<\/div>\n\t\t\t<\/div>\n\t\t<\/div>\n\t<\/div>\n\t<div class=\"grid-item grid-style-2\">\n\t\t<div class=\"grid-item-wrapper bm_content_box\">\n\t\t\t<div class=\"grid-item-container\">\n\t\t\t\t<div class=\"grid-image entry-post-image\">\n\t\t\t\t\t<div class=\"bm-post-image clearfix bm-hover-effect bm-hover-effect-opacity\">\n\t\t\t\t\t\t<img width=\"1024\" height=\"683\" src=\"https:\/\/losprimerosfuegos.com\/wp-content\/uploads\/2024\/12\/Miguel-Ortega.jpg\" class=\"attachment-large size-large wp-post-image\" alt=\"\" decoding=\"async\" loading=\"lazy\" srcset=\"https:\/\/losprimerosfuegos.com\/wp-content\/uploads\/2024\/12\/Miguel-Ortega.jpg 1024w, https:\/\/losprimerosfuegos.com\/wp-content\/uploads\/2024\/12\/Miguel-Ortega-300x200.jpg 300w, https:\/\/losprimerosfuegos.com\/wp-content\/uploads\/2024\/12\/Miguel-Ortega-768x512.jpg 768w\" sizes=\"(max-width: 1024px) 100vw, 1024px\" \/>\t\t\t\t\t<\/div>\n\t\t\t\t<\/div>\n\t\t\t\t<div class=\"bm-blog-post-content bm_content_box\">\n\t\t\t\t\t<h4 class=\"item-title bm_title\"><a href=\"https:\/\/losprimerosfuegos.com\/index.php\/2024\/12\/12\/ceniza-y-tierra\/\" rel=\"bookmark\">Ceniza y tierra<\/a><\/h4>\t\t\t\t\t<div class=\"item-excerpt bm_content\">\n\t\t\t\t\tDos breves textos conmovedores en tono de despedida.\t\t\t\t\t<\/div>\n\t\t\t\t\t<div class=\"items-meta bm_meta\">\n\t\t\t\t\t\t\t\t\t\t<\/div>\n\t\t\t\t<\/div>\n\t\t\t<\/div>\n\t\t<\/div>\n\t<\/div>\n\t<div class=\"grid-item grid-style-2\">\n\t\t<div class=\"grid-item-wrapper bm_content_box\">\n\t\t\t<div class=\"grid-item-container\">\n\t\t\t\t<div class=\"grid-image entry-post-image\">\n\t\t\t\t\t<div class=\"bm-post-image clearfix bm-hover-effect bm-hover-effect-opacity\">\n\t\t\t\t\t\t<img width=\"1024\" height=\"683\" src=\"https:\/\/losprimerosfuegos.com\/wp-content\/uploads\/2024\/12\/Natalia-fernandez.jpg\" class=\"attachment-large size-large wp-post-image\" alt=\"Natalia escribe en su diario con amor y sinceridad.\" decoding=\"async\" loading=\"lazy\" srcset=\"https:\/\/losprimerosfuegos.com\/wp-content\/uploads\/2024\/12\/Natalia-fernandez.jpg 1024w, https:\/\/losprimerosfuegos.com\/wp-content\/uploads\/2024\/12\/Natalia-fernandez-300x200.jpg 300w, https:\/\/losprimerosfuegos.com\/wp-content\/uploads\/2024\/12\/Natalia-fernandez-768x512.jpg 768w\" sizes=\"(max-width: 1024px) 100vw, 1024px\" \/>\t\t\t\t\t<\/div>\n\t\t\t\t<\/div>\n\t\t\t\t<div class=\"bm-blog-post-content bm_content_box\">\n\t\t\t\t\t<h4 class=\"item-title bm_title\"><a href=\"https:\/\/losprimerosfuegos.com\/index.php\/2024\/12\/12\/estoy-aqui-escribiendo-en-mi-diario\/\" rel=\"bookmark\">Estoy aqu\u00ed escribiendo en mi diario<\/a><\/h4>\t\t\t\t\t<div class=\"item-excerpt bm_content\">\n\t\t\t\t\tNatalia escribe en su diario con amor y sinceridad.\t\t\t\t\t<\/div>\n\t\t\t\t\t<div class=\"items-meta bm_meta\">\n\t\t\t\t\t\t\t\t\t\t<\/div>\n\t\t\t\t<\/div>\n\t\t\t<\/div>\n\t\t<\/div>\n\t<\/div>\n\t\t\n<!-- End Blog Layout 2 -->\n\t\t\t\t<\/div><\/div>\n\t\t\t\t\t\t<\/div>\n\t\t\t\t<\/div>\n\t\t\t\t\t<\/div>\n\t\t<\/div>\n\t\t\t\t\t\t\t<\/div>\n\t\t<\/section>\n\t\t\t\t\t\t\t<\/div>\n\t\t","protected":false},"excerpt":{"rendered":"<p>\u00bfQu\u00e9 te gustar\u00eda leer? En poemarios\u00a0vas a encontrar peque\u00f1os libros de poes\u00eda para descargar, leer y llevar donde quieras. Son a la gorra, despu\u00e9s de leerlos pod\u00e9s colaborar invit\u00e1ndonos un cafecito.\u00a0En el blog de\u00a0lecturas\u00a0vas a encontrar relatos, entradas de diario o textos en prosa que nos gustar\u00eda que recuerdes por much\u00edsimo tiempo despu\u00e9s de haberlos &hellip;<\/p>\n<p class=\"read-more\"> <a class=\"\" href=\"https:\/\/losprimerosfuegos.com\/index.php\/2024\/12\/12\/estoy-aqui-escribiendo-en-mi-diario\/\"> <span class=\"screen-reader-text\">Estoy aqu\u00ed escribiendo en mi diario<\/span> Leer m\u00e1s &raquo;<\/a><\/p>\n","protected":false},"author":1,"featured_media":0,"parent":0,"menu_order":0,"comment_status":"closed","ping_status":"closed","template":"","meta":{"om_disable_all_campaigns":false,"_monsterinsights_skip_tracking":false,"_monsterinsights_sitenote_active":false,"_monsterinsights_sitenote_note":"","_monsterinsights_sitenote_category":0,"site-sidebar-layout":"no-sidebar","site-content-layout":"page-builder","ast-global-header-display":"","ast-main-header-display":"","ast-hfb-above-header-display":"","ast-hfb-below-header-display":"","ast-hfb-mobile-header-display":"","site-post-title":"disabled","ast-breadcrumbs-content":"","ast-featured-img":"disabled","footer-sml-layout":"","theme-transparent-header-meta":"","adv-header-id-meta":"","stick-header-meta":"","header-above-stick-meta":"","header-main-stick-meta":"","header-below-stick-meta":""},"aioseo_notices":[],"_links":{"self":[{"href":"https:\/\/losprimerosfuegos.com\/index.php\/wp-json\/wp\/v2\/pages\/9"}],"collection":[{"href":"https:\/\/losprimerosfuegos.com\/index.php\/wp-json\/wp\/v2\/pages"}],"about":[{"href":"https:\/\/losprimerosfuegos.com\/index.php\/wp-json\/wp\/v2\/types\/page"}],"author":[{"embeddable":true,"href":"https:\/\/losprimerosfuegos.com\/index.php\/wp-json\/wp\/v2\/users\/1"}],"replies":[{"embeddable":true,"href":"https:\/\/losprimerosfuegos.com\/index.php\/wp-json\/wp\/v2\/comments?post=9"}],"version-history":[{"count":131,"href":"https:\/\/losprimerosfuegos.com\/index.php\/wp-json\/wp\/v2\/pages\/9\/revisions"}],"predecessor-version":[{"id":1163,"href":"https:\/\/losprimerosfuegos.com\/index.php\/wp-json\/wp\/v2\/pages\/9\/revisions\/1163"}],"wp:attachment":[{"href":"https:\/\/losprimerosfuegos.com\/index.php\/wp-json\/wp\/v2\/media?parent=9"}],"curies":[{"name":"wp","href":"https:\/\/api.w.org\/{rel}","templated":true}]}}