{"id":461,"date":"2022-11-26T16:15:42","date_gmt":"2022-11-26T16:15:42","guid":{"rendered":"https:\/\/losprimerosfuegos.com\/?page_id=461"},"modified":"2022-12-07T09:08:54","modified_gmt":"2022-12-07T09:08:54","slug":"clara-velasquez","status":"publish","type":"page","link":"https:\/\/losprimerosfuegos.com\/index.php\/clara-velasquez\/","title":{"rendered":"Clara Velasquez"},"content":{"rendered":"\t\t<div data-elementor-type=\"wp-page\" data-elementor-id=\"461\" class=\"elementor elementor-461\">\n\t\t\t\t\t\t\t\t\t<section class=\"elementor-section elementor-top-section elementor-element elementor-element-22da5696 elementor-section-boxed elementor-section-height-default elementor-section-height-default\" data-id=\"22da5696\" data-element_type=\"section\">\n\t\t\t\t\t\t<div class=\"elementor-container elementor-column-gap-default\">\n\t\t\t\t\t<div class=\"elementor-column elementor-col-100 elementor-top-column elementor-element elementor-element-36ffe9ee\" data-id=\"36ffe9ee\" data-element_type=\"column\">\n\t\t\t<div class=\"elementor-widget-wrap elementor-element-populated\">\n\t\t\t\t\t\t\t\t<div class=\"elementor-element elementor-element-7e3bbe63 elementor-widget elementor-widget-heading\" data-id=\"7e3bbe63\" data-element_type=\"widget\" data-widget_type=\"heading.default\">\n\t\t\t\t<div class=\"elementor-widget-container\">\n\t\t\t<style>\/*! elementor - v3.7.1 - 14-08-2022 *\/\n.elementor-heading-title{padding:0;margin:0;line-height:1}.elementor-widget-heading .elementor-heading-title[class*=elementor-size-]>a{color:inherit;font-size:inherit;line-height:inherit}.elementor-widget-heading .elementor-heading-title.elementor-size-small{font-size:15px}.elementor-widget-heading .elementor-heading-title.elementor-size-medium{font-size:19px}.elementor-widget-heading .elementor-heading-title.elementor-size-large{font-size:29px}.elementor-widget-heading .elementor-heading-title.elementor-size-xl{font-size:39px}.elementor-widget-heading .elementor-heading-title.elementor-size-xxl{font-size:59px}<\/style><h2 class=\"elementor-heading-title elementor-size-default\">Escape a la inversa<\/h2>\t\t<\/div>\n\t\t\t\t<\/div>\n\t\t\t\t\t<\/div>\n\t\t<\/div>\n\t\t\t\t\t\t\t<\/div>\n\t\t<\/section>\n\t\t\t\t<section class=\"elementor-section elementor-top-section elementor-element elementor-element-239e312f elementor-section-boxed elementor-section-height-default elementor-section-height-default\" data-id=\"239e312f\" data-element_type=\"section\">\n\t\t\t\t\t\t<div class=\"elementor-container elementor-column-gap-default\">\n\t\t\t\t\t<div class=\"elementor-column elementor-col-100 elementor-top-column elementor-element elementor-element-4bd65580\" data-id=\"4bd65580\" data-element_type=\"column\">\n\t\t\t<div class=\"elementor-widget-wrap elementor-element-populated\">\n\t\t\t\t\t\t\t\t<div class=\"elementor-element elementor-element-198029d elementor-widget elementor-widget-heading\" data-id=\"198029d\" data-element_type=\"widget\" data-widget_type=\"heading.default\">\n\t\t\t\t<div class=\"elementor-widget-container\">\n\t\t\t<h4 class=\"elementor-heading-title elementor-size-default\">Clara Velasquez<\/h4>\t\t<\/div>\n\t\t\t\t<\/div>\n\t\t\t\t\t<\/div>\n\t\t<\/div>\n\t\t\t\t\t\t\t<\/div>\n\t\t<\/section>\n\t\t\t\t<section class=\"elementor-section elementor-top-section elementor-element elementor-element-6bb3bbc6 elementor-section-boxed elementor-section-height-default elementor-section-height-default\" data-id=\"6bb3bbc6\" data-element_type=\"section\">\n\t\t\t\t\t\t<div class=\"elementor-container elementor-column-gap-default\">\n\t\t\t\t\t<div class=\"elementor-column elementor-col-50 elementor-top-column elementor-element elementor-element-ba783aa\" data-id=\"ba783aa\" data-element_type=\"column\">\n\t\t\t<div class=\"elementor-widget-wrap elementor-element-populated\">\n\t\t\t\t\t\t\t\t<div class=\"elementor-element elementor-element-46f182e7 elementor-widget elementor-widget-image\" data-id=\"46f182e7\" data-element_type=\"widget\" data-widget_type=\"image.default\">\n\t\t\t\t<div class=\"elementor-widget-container\">\n\t\t\t<style>\/*! elementor - v3.7.1 - 14-08-2022 *\/\n.elementor-widget-image{text-align:center}.elementor-widget-image a{display:inline-block}.elementor-widget-image a img[src$=\".svg\"]{width:48px}.elementor-widget-image img{vertical-align:middle;display:inline-block}<\/style>\t\t\t\t\t\t\t\t\t\t\t\t<img decoding=\"async\" width=\"724\" height=\"1024\" src=\"https:\/\/losprimerosfuegos.com\/wp-content\/uploads\/2022\/11\/Poemario-Clara-Velasquez-724x1024.png\" class=\"attachment-large size-large\" alt=\"\" loading=\"lazy\" srcset=\"https:\/\/losprimerosfuegos.com\/wp-content\/uploads\/2022\/11\/Poemario-Clara-Velasquez-724x1024.png 724w, https:\/\/losprimerosfuegos.com\/wp-content\/uploads\/2022\/11\/Poemario-Clara-Velasquez-212x300.png 212w, https:\/\/losprimerosfuegos.com\/wp-content\/uploads\/2022\/11\/Poemario-Clara-Velasquez-768x1086.png 768w, https:\/\/losprimerosfuegos.com\/wp-content\/uploads\/2022\/11\/Poemario-Clara-Velasquez-1086x1536.png 1086w, https:\/\/losprimerosfuegos.com\/wp-content\/uploads\/2022\/11\/Poemario-Clara-Velasquez.png 1414w\" sizes=\"(max-width: 724px) 100vw, 724px\" \/>\t\t\t\t\t\t\t\t\t\t\t\t\t\t\t<\/div>\n\t\t\t\t<\/div>\n\t\t\t\t\t<\/div>\n\t\t<\/div>\n\t\t\t\t<div class=\"elementor-column elementor-col-50 elementor-top-column elementor-element elementor-element-8583cd0\" data-id=\"8583cd0\" data-element_type=\"column\">\n\t\t\t<div class=\"elementor-widget-wrap elementor-element-populated\">\n\t\t\t\t\t\t\t\t<div class=\"elementor-element elementor-element-3660ad64 elementor-widget elementor-widget-text-editor\" data-id=\"3660ad64\" data-element_type=\"widget\" data-widget_type=\"text-editor.default\">\n\t\t\t\t<div class=\"elementor-widget-container\">\n\t\t\t<style>\/*! elementor - v3.7.1 - 14-08-2022 *\/\n.elementor-widget-text-editor.elementor-drop-cap-view-stacked .elementor-drop-cap{background-color:#818a91;color:#fff}.elementor-widget-text-editor.elementor-drop-cap-view-framed .elementor-drop-cap{color:#818a91;border:3px solid;background-color:transparent}.elementor-widget-text-editor:not(.elementor-drop-cap-view-default) .elementor-drop-cap{margin-top:8px}.elementor-widget-text-editor:not(.elementor-drop-cap-view-default) .elementor-drop-cap-letter{width:1em;height:1em}.elementor-widget-text-editor .elementor-drop-cap{float:left;text-align:center;line-height:1;font-size:50px}.elementor-widget-text-editor .elementor-drop-cap-letter{display:inline-block}<\/style>\t\t\t\t<p style=\"font-size: 15px; font-style: normal; font-weight: 400;\">En estos poemas est\u00e1 puesto el cuerpo y no hay miedo a explorar la oscuridad, ni siquiera a dialogar con la muerte. A\u00fan as\u00ed, son luminosos e incluso cruzan la l\u00ednea del humor.<\/p><p style=\"font-size: 15px; font-style: normal; font-weight: 400;\">Te invitamos a descargar <em>Escape a la inversa<\/em>, un poemario de <strong>Clara Velasquez<\/strong>.<\/p><p style=\"font-size: 15px; font-style: normal; font-weight: 400;\">El contenido de este espacio es a la gorra, as\u00ed que te invitamos a colaborar con un Cafecito (pod\u00e9s pagar con tu cuenta de Mercado Pago). Vamos a compartir con la autora el 50% de lo recaudado. Para eso acordate de indicarnos qu\u00e9 poemario le\u00edste.<\/p>\t\t\t\t\t\t<\/div>\n\t\t\t\t<\/div>\n\t\t\t\t<section class=\"elementor-section elementor-inner-section elementor-element elementor-element-6a674d0 elementor-section-boxed elementor-section-height-default elementor-section-height-default\" data-id=\"6a674d0\" data-element_type=\"section\">\n\t\t\t\t\t\t<div class=\"elementor-container elementor-column-gap-default\">\n\t\t\t\t\t<div class=\"elementor-column elementor-col-100 elementor-inner-column elementor-element elementor-element-246f0b1f\" data-id=\"246f0b1f\" data-element_type=\"column\">\n\t\t\t<div class=\"elementor-widget-wrap elementor-element-populated\">\n\t\t\t\t\t\t\t\t<div class=\"elementor-element elementor-element-3fa46861 elementor-widget elementor-widget-html\" data-id=\"3fa46861\" data-element_type=\"widget\" data-widget_type=\"html.default\">\n\t\t\t\t<div class=\"elementor-widget-container\">\n\t\t\t<a href='https:\/\/cafecito.app\/losprimerosfuegos' rel='noopener' target='_blank'><img srcset='https:\/\/cdn.cafecito.app\/imgs\/buttons\/button_5.png 1x, https:\/\/cdn.cafecito.app\/imgs\/buttons\/button_5_2x.png 2x, https:\/\/cdn.cafecito.app\/imgs\/buttons\/button_5_3.75x.png 3.75x' src='https:\/\/cdn.cafecito.app\/imgs\/buttons\/button_5.png' alt='Invitame un caf\u00e9 en cafecito.app' \/><\/a>\t\t<\/div>\n\t\t\t\t<\/div>\n\t\t\t\t\t<\/div>\n\t\t<\/div>\n\t\t\t\t\t\t\t<\/div>\n\t\t<\/section>\n\t\t\t\t<section class=\"elementor-section elementor-inner-section elementor-element elementor-element-244473c9 elementor-section-boxed elementor-section-height-default elementor-section-height-default\" data-id=\"244473c9\" data-element_type=\"section\">\n\t\t\t\t\t\t<div class=\"elementor-container elementor-column-gap-default\">\n\t\t\t\t\t<div class=\"elementor-column elementor-col-100 elementor-inner-column elementor-element elementor-element-48d7b86\" data-id=\"48d7b86\" data-element_type=\"column\">\n\t\t\t<div class=\"elementor-widget-wrap elementor-element-populated\">\n\t\t\t\t\t\t\t\t<div class=\"elementor-element elementor-element-3c88ffa5 elementor-mobile-align-left elementor-widget elementor-widget-button\" data-id=\"3c88ffa5\" data-element_type=\"widget\" data-widget_type=\"button.default\">\n\t\t\t\t<div class=\"elementor-widget-container\">\n\t\t\t\t\t<div class=\"elementor-button-wrapper\">\n\t\t\t<a href=\"https:\/\/losprimerosfuegos.com\/wp-content\/uploads\/2022\/11\/Poemario-Clara-Velasquez-FINAL.pdf\" class=\"elementor-button-link elementor-button elementor-size-sm\" role=\"button\" id=\"velasquez2\">\n\t\t\t\t\t\t<span class=\"elementor-button-content-wrapper\">\n\t\t\t\t\t\t<span class=\"elementor-button-text\">Descargar<\/span>\n\t\t<\/span>\n\t\t\t\t\t<\/a>\n\t\t<\/div>\n\t\t\t\t<\/div>\n\t\t\t\t<\/div>\n\t\t\t\t\t<\/div>\n\t\t<\/div>\n\t\t\t\t\t\t\t<\/div>\n\t\t<\/section>\n\t\t\t\t\t<\/div>\n\t\t<\/div>\n\t\t\t\t\t\t\t<\/div>\n\t\t<\/section>\n\t\t\t\t\t\t\t<\/div>\n\t\t","protected":false},"excerpt":{"rendered":"<p>Escape a la inversa Clara Velasquez En estos poemas est\u00e1 puesto el cuerpo y no hay miedo a explorar la oscuridad, ni siquiera a dialogar con la muerte. A\u00fan as\u00ed, son luminosos e incluso cruzan la l\u00ednea del humor. Te invitamos a descargar Escape a la inversa, un poemario de Clara Velasquez. El contenido de &hellip;<\/p>\n<p class=\"read-more\"> <a class=\"\" href=\"https:\/\/losprimerosfuegos.com\/index.php\/clara-velasquez\/\"> <span class=\"screen-reader-text\">Clara Velasquez<\/span> Leer m\u00e1s &raquo;<\/a><\/p>\n","protected":false},"author":1,"featured_media":0,"parent":0,"menu_order":0,"comment_status":"closed","ping_status":"closed","template":"","meta":{"om_disable_all_campaigns":false,"_monsterinsights_skip_tracking":false,"_monsterinsights_sitenote_active":false,"_monsterinsights_sitenote_note":"","_monsterinsights_sitenote_category":0,"site-sidebar-layout":"no-sidebar","site-content-layout":"page-builder","ast-global-header-display":"","ast-main-header-display":"","ast-hfb-above-header-display":"","ast-hfb-below-header-display":"","ast-hfb-mobile-header-display":"","site-post-title":"disabled","ast-breadcrumbs-content":"","ast-featured-img":"disabled","footer-sml-layout":"","theme-transparent-header-meta":"","adv-header-id-meta":"","stick-header-meta":"","header-above-stick-meta":"","header-main-stick-meta":"","header-below-stick-meta":""},"aioseo_notices":[],"_links":{"self":[{"href":"https:\/\/losprimerosfuegos.com\/index.php\/wp-json\/wp\/v2\/pages\/461"}],"collection":[{"href":"https:\/\/losprimerosfuegos.com\/index.php\/wp-json\/wp\/v2\/pages"}],"about":[{"href":"https:\/\/losprimerosfuegos.com\/index.php\/wp-json\/wp\/v2\/types\/page"}],"author":[{"embeddable":true,"href":"https:\/\/losprimerosfuegos.com\/index.php\/wp-json\/wp\/v2\/users\/1"}],"replies":[{"embeddable":true,"href":"https:\/\/losprimerosfuegos.com\/index.php\/wp-json\/wp\/v2\/comments?post=461"}],"version-history":[{"count":13,"href":"https:\/\/losprimerosfuegos.com\/index.php\/wp-json\/wp\/v2\/pages\/461\/revisions"}],"predecessor-version":[{"id":644,"href":"https:\/\/losprimerosfuegos.com\/index.php\/wp-json\/wp\/v2\/pages\/461\/revisions\/644"}],"wp:attachment":[{"href":"https:\/\/losprimerosfuegos.com\/index.php\/wp-json\/wp\/v2\/media?parent=461"}],"curies":[{"name":"wp","href":"https:\/\/api.w.org\/{rel}","templated":true}]}}