{"id":17,"date":"2022-10-27T23:04:06","date_gmt":"2022-10-27T23:04:06","guid":{"rendered":"https:\/\/losprimerosfuegos-com.preview-domain.com\/?page_id=17"},"modified":"2022-12-01T12:05:01","modified_gmt":"2022-12-01T12:05:01","slug":"nosotrxs","status":"publish","type":"page","link":"https:\/\/losprimerosfuegos.com\/index.php\/nosotrxs\/","title":{"rendered":"Nosotres"},"content":{"rendered":"\t\t<div data-elementor-type=\"wp-page\" data-elementor-id=\"17\" class=\"elementor elementor-17\">\n\t\t\t\t\t\t\t\t\t<section class=\"elementor-section elementor-top-section elementor-element elementor-element-50a7c79 elementor-section-boxed elementor-section-height-default elementor-section-height-default\" data-id=\"50a7c79\" data-element_type=\"section\">\n\t\t\t\t\t\t<div class=\"elementor-container elementor-column-gap-default\">\n\t\t\t\t\t<div class=\"elementor-column elementor-col-100 elementor-top-column elementor-element elementor-element-2e30c11\" data-id=\"2e30c11\" data-element_type=\"column\">\n\t\t\t<div class=\"elementor-widget-wrap elementor-element-populated\">\n\t\t\t\t\t\t\t\t<div class=\"elementor-element elementor-element-d587955 animated-slow elementor-invisible elementor-widget elementor-widget-heading\" data-id=\"d587955\" data-element_type=\"widget\" data-settings=\"{&quot;_animation&quot;:&quot;fadeInLeft&quot;}\" data-widget_type=\"heading.default\">\n\t\t\t\t<div class=\"elementor-widget-container\">\n\t\t\t<style>\/*! elementor - v3.7.1 - 14-08-2022 *\/\n.elementor-heading-title{padding:0;margin:0;line-height:1}.elementor-widget-heading .elementor-heading-title[class*=elementor-size-]>a{color:inherit;font-size:inherit;line-height:inherit}.elementor-widget-heading .elementor-heading-title.elementor-size-small{font-size:15px}.elementor-widget-heading .elementor-heading-title.elementor-size-medium{font-size:19px}.elementor-widget-heading .elementor-heading-title.elementor-size-large{font-size:29px}.elementor-widget-heading .elementor-heading-title.elementor-size-xl{font-size:39px}.elementor-widget-heading .elementor-heading-title.elementor-size-xxl{font-size:59px}<\/style><h4 class=\"elementor-heading-title elementor-size-default\">Nosotres<\/h4>\t\t<\/div>\n\t\t\t\t<\/div>\n\t\t\t\t\t<\/div>\n\t\t<\/div>\n\t\t\t\t\t\t\t<\/div>\n\t\t<\/section>\n\t\t\t\t<section class=\"elementor-section elementor-top-section elementor-element elementor-element-700f431 elementor-section-boxed elementor-section-height-default elementor-section-height-default\" data-id=\"700f431\" data-element_type=\"section\">\n\t\t\t\t\t\t<div class=\"elementor-container elementor-column-gap-default\">\n\t\t\t\t\t<div class=\"elementor-column elementor-col-50 elementor-top-column elementor-element elementor-element-3d3c7d4\" data-id=\"3d3c7d4\" data-element_type=\"column\">\n\t\t\t<div class=\"elementor-widget-wrap elementor-element-populated\">\n\t\t\t\t\t\t\t\t<div class=\"elementor-element elementor-element-fb8269f elementor-widget elementor-widget-image\" data-id=\"fb8269f\" data-element_type=\"widget\" data-widget_type=\"image.default\">\n\t\t\t\t<div class=\"elementor-widget-container\">\n\t\t\t<style>\/*! elementor - v3.7.1 - 14-08-2022 *\/\n.elementor-widget-image{text-align:center}.elementor-widget-image a{display:inline-block}.elementor-widget-image a img[src$=\".svg\"]{width:48px}.elementor-widget-image img{vertical-align:middle;display:inline-block}<\/style>\t\t\t\t\t\t\t\t\t<figure class=\"wp-caption\">\n\t\t\t\t\t\t\t\t\t\t<img decoding=\"async\" width=\"1024\" height=\"683\" src=\"https:\/\/losprimerosfuegos.com\/wp-content\/uploads\/2022\/11\/IMG_0344-1024x683.jpg\" class=\"attachment-large size-large\" alt=\"\" loading=\"lazy\" srcset=\"https:\/\/losprimerosfuegos.com\/wp-content\/uploads\/2022\/11\/IMG_0344-1024x683.jpg 1024w, https:\/\/losprimerosfuegos.com\/wp-content\/uploads\/2022\/11\/IMG_0344-300x200.jpg 300w, https:\/\/losprimerosfuegos.com\/wp-content\/uploads\/2022\/11\/IMG_0344-768x512.jpg 768w, https:\/\/losprimerosfuegos.com\/wp-content\/uploads\/2022\/11\/IMG_0344-1536x1024.jpg 1536w, https:\/\/losprimerosfuegos.com\/wp-content\/uploads\/2022\/11\/IMG_0344.jpg 1920w\" sizes=\"(max-width: 1024px) 100vw, 1024px\" \/>\t\t\t\t\t\t\t\t\t\t\t<figcaption class=\"widget-image-caption wp-caption-text\">Foto: Luisina Donnarumma<\/figcaption>\n\t\t\t\t\t\t\t\t\t\t<\/figure>\n\t\t\t\t\t\t\t\t\t<\/div>\n\t\t\t\t<\/div>\n\t\t\t\t\t<\/div>\n\t\t<\/div>\n\t\t\t\t<div class=\"elementor-column elementor-col-50 elementor-top-column elementor-element elementor-element-43503ae\" data-id=\"43503ae\" data-element_type=\"column\">\n\t\t\t<div class=\"elementor-widget-wrap elementor-element-populated\">\n\t\t\t\t\t\t\t\t<div class=\"elementor-element elementor-element-aa8075e elementor-widget elementor-widget-text-editor\" data-id=\"aa8075e\" data-element_type=\"widget\" data-widget_type=\"text-editor.default\">\n\t\t\t\t<div class=\"elementor-widget-container\">\n\t\t\t<style>\/*! elementor - v3.7.1 - 14-08-2022 *\/\n.elementor-widget-text-editor.elementor-drop-cap-view-stacked .elementor-drop-cap{background-color:#818a91;color:#fff}.elementor-widget-text-editor.elementor-drop-cap-view-framed .elementor-drop-cap{color:#818a91;border:3px solid;background-color:transparent}.elementor-widget-text-editor:not(.elementor-drop-cap-view-default) .elementor-drop-cap{margin-top:8px}.elementor-widget-text-editor:not(.elementor-drop-cap-view-default) .elementor-drop-cap-letter{width:1em;height:1em}.elementor-widget-text-editor .elementor-drop-cap{float:left;text-align:center;line-height:1;font-size:50px}.elementor-widget-text-editor .elementor-drop-cap-letter{display:inline-block}<\/style>\t\t\t\t<p><strong>Ta<\/strong><b>mara Grosso<\/b><\/p><p>Es licenciada en Ciencias de la Comunicaci\u00f3n (UBA).\u00a0 Public\u00f3 los libros <em>El ritmo del derrumbe<\/em> (Santos locos, 2021), <em>Cuando todo refugio se vuelva hostil<\/em> (Santos locos, 2019), <em>M\u00e1rgenes<\/em> (Objeto Editorial, 2016 y Nogoodhome,2021) y <em>Guatepeor<\/em> (Modesto Rimba, 2016), entre otros. Est\u00e1 por publicar la novela <em>Viudas j\u00f3venes<\/em> (Alquimia). Coordina talleres de poes\u00eda.<\/p><p><b>Gustavo Yuste<\/b><\/p><p>Es licenciado en Ciencias de la Comunicaci\u00f3n (UBA), periodista cultural y escritor. Public\u00f3 <em>Accidentes del \u00e1nimo<\/em> (Santos Locos, 2021);<em> La felicidad no es un lugar<\/em> (Santos Locos, 2020); <em>Electricidad<\/em> (Sudestada, 2020); <em>Personas que lloran en sus cumplea\u00f1os<\/em> (Paisanita; 2019),<em> El Viento trae noticias<\/em> (Entre R\u00edos, Madrid, 2020) entre otros. Coordina talleres de poes\u00eda.\u00a0<\/p>\t\t\t\t\t\t<\/div>\n\t\t\t\t<\/div>\n\t\t\t\t\t<\/div>\n\t\t<\/div>\n\t\t\t\t\t\t\t<\/div>\n\t\t<\/section>\n\t\t\t\t\t\t\t<\/div>\n\t\t","protected":false},"excerpt":{"rendered":"<p>Nosotres Foto: Luisina Donnarumma Tamara Grosso Es licenciada en Ciencias de la Comunicaci\u00f3n (UBA).\u00a0 Public\u00f3 los libros El ritmo del derrumbe (Santos locos, 2021), Cuando todo refugio se vuelva hostil (Santos locos, 2019), M\u00e1rgenes (Objeto Editorial, 2016 y Nogoodhome,2021) y Guatepeor (Modesto Rimba, 2016), entre otros. Est\u00e1 por publicar la novela Viudas j\u00f3venes (Alquimia). Coordina &hellip;<\/p>\n<p class=\"read-more\"> <a class=\"\" href=\"https:\/\/losprimerosfuegos.com\/index.php\/nosotrxs\/\"> <span class=\"screen-reader-text\">Nosotres<\/span> Leer m\u00e1s &raquo;<\/a><\/p>\n","protected":false},"author":1,"featured_media":0,"parent":0,"menu_order":0,"comment_status":"closed","ping_status":"closed","template":"","meta":{"om_disable_all_campaigns":false,"_monsterinsights_skip_tracking":false,"_monsterinsights_sitenote_active":false,"_monsterinsights_sitenote_note":"","_monsterinsights_sitenote_category":0,"site-sidebar-layout":"no-sidebar","site-content-layout":"page-builder","ast-global-header-display":"","ast-main-header-display":"","ast-hfb-above-header-display":"","ast-hfb-below-header-display":"","ast-hfb-mobile-header-display":"","site-post-title":"disabled","ast-breadcrumbs-content":"","ast-featured-img":"disabled","footer-sml-layout":"","theme-transparent-header-meta":"","adv-header-id-meta":"","stick-header-meta":"","header-above-stick-meta":"","header-main-stick-meta":"","header-below-stick-meta":""},"aioseo_notices":[],"_links":{"self":[{"href":"https:\/\/losprimerosfuegos.com\/index.php\/wp-json\/wp\/v2\/pages\/17"}],"collection":[{"href":"https:\/\/losprimerosfuegos.com\/index.php\/wp-json\/wp\/v2\/pages"}],"about":[{"href":"https:\/\/losprimerosfuegos.com\/index.php\/wp-json\/wp\/v2\/types\/page"}],"author":[{"embeddable":true,"href":"https:\/\/losprimerosfuegos.com\/index.php\/wp-json\/wp\/v2\/users\/1"}],"replies":[{"embeddable":true,"href":"https:\/\/losprimerosfuegos.com\/index.php\/wp-json\/wp\/v2\/comments?post=17"}],"version-history":[{"count":20,"href":"https:\/\/losprimerosfuegos.com\/index.php\/wp-json\/wp\/v2\/pages\/17\/revisions"}],"predecessor-version":[{"id":607,"href":"https:\/\/losprimerosfuegos.com\/index.php\/wp-json\/wp\/v2\/pages\/17\/revisions\/607"}],"wp:attachment":[{"href":"https:\/\/losprimerosfuegos.com\/index.php\/wp-json\/wp\/v2\/media?parent=17"}],"curies":[{"name":"wp","href":"https:\/\/api.w.org\/{rel}","templated":true}]}}