{"id":1226,"date":"2026-01-14T20:33:14","date_gmt":"2026-01-14T20:33:14","guid":{"rendered":"https:\/\/losprimerosfuegos.com\/?page_id=1226"},"modified":"2026-01-19T19:22:07","modified_gmt":"2026-01-19T19:22:07","slug":"matias-cavanagh","status":"publish","type":"page","link":"https:\/\/losprimerosfuegos.com\/index.php\/matias-cavanagh\/","title":{"rendered":"Mat\u00edas Cavanagh"},"content":{"rendered":"\t\t<div data-elementor-type=\"wp-page\" data-elementor-id=\"1226\" class=\"elementor elementor-1226\">\n\t\t\t\t\t\t\t\t\t<section class=\"elementor-section elementor-top-section elementor-element elementor-element-477ae0f elementor-section-boxed elementor-section-height-default elementor-section-height-default\" data-id=\"477ae0f\" data-element_type=\"section\">\n\t\t\t\t\t\t<div class=\"elementor-container elementor-column-gap-default\">\n\t\t\t\t\t<div class=\"elementor-column elementor-col-100 elementor-top-column elementor-element elementor-element-9f34a58\" data-id=\"9f34a58\" data-element_type=\"column\">\n\t\t\t<div class=\"elementor-widget-wrap elementor-element-populated\">\n\t\t\t\t\t\t\t\t<div class=\"elementor-element elementor-element-bccae8c elementor-widget elementor-widget-heading\" data-id=\"bccae8c\" data-element_type=\"widget\" data-widget_type=\"heading.default\">\n\t\t\t\t<div class=\"elementor-widget-container\">\n\t\t\t<style>\/*! elementor - v3.7.1 - 14-08-2022 *\/\n.elementor-heading-title{padding:0;margin:0;line-height:1}.elementor-widget-heading .elementor-heading-title[class*=elementor-size-]>a{color:inherit;font-size:inherit;line-height:inherit}.elementor-widget-heading .elementor-heading-title.elementor-size-small{font-size:15px}.elementor-widget-heading .elementor-heading-title.elementor-size-medium{font-size:19px}.elementor-widget-heading .elementor-heading-title.elementor-size-large{font-size:29px}.elementor-widget-heading .elementor-heading-title.elementor-size-xl{font-size:39px}.elementor-widget-heading .elementor-heading-title.elementor-size-xxl{font-size:59px}<\/style><h2 class=\"elementor-heading-title elementor-size-default\">Cosas de chabones<\/h2>\t\t<\/div>\n\t\t\t\t<\/div>\n\t\t\t\t\t<\/div>\n\t\t<\/div>\n\t\t\t\t\t\t\t<\/div>\n\t\t<\/section>\n\t\t\t\t<section class=\"elementor-section elementor-top-section elementor-element elementor-element-66f3c21 elementor-section-boxed elementor-section-height-default elementor-section-height-default\" data-id=\"66f3c21\" data-element_type=\"section\">\n\t\t\t\t\t\t<div class=\"elementor-container elementor-column-gap-default\">\n\t\t\t\t\t<div class=\"elementor-column elementor-col-100 elementor-top-column elementor-element elementor-element-faa2da9\" data-id=\"faa2da9\" data-element_type=\"column\">\n\t\t\t<div class=\"elementor-widget-wrap elementor-element-populated\">\n\t\t\t\t\t\t\t\t<div class=\"elementor-element elementor-element-9755741 elementor-widget elementor-widget-heading\" data-id=\"9755741\" data-element_type=\"widget\" data-widget_type=\"heading.default\">\n\t\t\t\t<div class=\"elementor-widget-container\">\n\t\t\t<h4 class=\"elementor-heading-title elementor-size-default\">Mat\u00edas Cavanagh<\/h4>\t\t<\/div>\n\t\t\t\t<\/div>\n\t\t\t\t\t<\/div>\n\t\t<\/div>\n\t\t\t\t\t\t\t<\/div>\n\t\t<\/section>\n\t\t\t\t<section class=\"elementor-section elementor-top-section elementor-element elementor-element-ca11121 elementor-section-boxed elementor-section-height-default elementor-section-height-default\" data-id=\"ca11121\" data-element_type=\"section\">\n\t\t\t\t\t\t<div class=\"elementor-container elementor-column-gap-default\">\n\t\t\t\t\t<div class=\"elementor-column elementor-col-50 elementor-top-column elementor-element elementor-element-39673f4\" data-id=\"39673f4\" data-element_type=\"column\">\n\t\t\t<div class=\"elementor-widget-wrap elementor-element-populated\">\n\t\t\t\t\t\t\t\t<div class=\"elementor-element elementor-element-ba246c9 elementor-widget elementor-widget-image\" data-id=\"ba246c9\" data-element_type=\"widget\" data-widget_type=\"image.default\">\n\t\t\t\t<div class=\"elementor-widget-container\">\n\t\t\t<style>\/*! elementor - v3.7.1 - 14-08-2022 *\/\n.elementor-widget-image{text-align:center}.elementor-widget-image a{display:inline-block}.elementor-widget-image a img[src$=\".svg\"]{width:48px}.elementor-widget-image img{vertical-align:middle;display:inline-block}<\/style>\t\t\t\t\t\t\t\t\t\t\t\t<img decoding=\"async\" width=\"724\" height=\"1024\" src=\"https:\/\/losprimerosfuegos.com\/wp-content\/uploads\/2026\/01\/Poemario-Matias-724x1024.jpg\" class=\"attachment-large size-large\" alt=\"\" loading=\"lazy\" srcset=\"https:\/\/losprimerosfuegos.com\/wp-content\/uploads\/2026\/01\/Poemario-Matias-724x1024.jpg 724w, https:\/\/losprimerosfuegos.com\/wp-content\/uploads\/2026\/01\/Poemario-Matias-212x300.jpg 212w, https:\/\/losprimerosfuegos.com\/wp-content\/uploads\/2026\/01\/Poemario-Matias-768x1086.jpg 768w, https:\/\/losprimerosfuegos.com\/wp-content\/uploads\/2026\/01\/Poemario-Matias-1086x1536.jpg 1086w, https:\/\/losprimerosfuegos.com\/wp-content\/uploads\/2026\/01\/Poemario-Matias.jpg 1414w\" sizes=\"(max-width: 724px) 100vw, 724px\" \/>\t\t\t\t\t\t\t\t\t\t\t\t\t\t\t<\/div>\n\t\t\t\t<\/div>\n\t\t\t\t\t<\/div>\n\t\t<\/div>\n\t\t\t\t<div class=\"elementor-column elementor-col-50 elementor-top-column elementor-element elementor-element-3dd4777\" data-id=\"3dd4777\" data-element_type=\"column\">\n\t\t\t<div class=\"elementor-widget-wrap elementor-element-populated\">\n\t\t\t\t\t\t\t\t<div class=\"elementor-element elementor-element-49af8d9 elementor-widget elementor-widget-text-editor\" data-id=\"49af8d9\" data-element_type=\"widget\" data-widget_type=\"text-editor.default\">\n\t\t\t\t<div class=\"elementor-widget-container\">\n\t\t\t<style>\/*! elementor - v3.7.1 - 14-08-2022 *\/\n.elementor-widget-text-editor.elementor-drop-cap-view-stacked .elementor-drop-cap{background-color:#818a91;color:#fff}.elementor-widget-text-editor.elementor-drop-cap-view-framed .elementor-drop-cap{color:#818a91;border:3px solid;background-color:transparent}.elementor-widget-text-editor:not(.elementor-drop-cap-view-default) .elementor-drop-cap{margin-top:8px}.elementor-widget-text-editor:not(.elementor-drop-cap-view-default) .elementor-drop-cap-letter{width:1em;height:1em}.elementor-widget-text-editor .elementor-drop-cap{float:left;text-align:center;line-height:1;font-size:50px}.elementor-widget-text-editor .elementor-drop-cap-letter{display:inline-block}<\/style>\t\t\t\t<p style=\"font-size: 15px; font-style: normal; font-weight: 400;\">Te invitamos a descargar <em>Cosas de chabones<\/em>, un poemario de <strong>Mat\u00edas Cavanagh<\/strong>.<\/p>\n<p style=\"font-size: 15px; font-style: normal; font-weight: 400;\">Nuestras lecturas son a la gorra, as\u00ed que te invitamos a colaborar con un Cafecito (pod\u00e9s pagar con tu cuenta de Mercado Pago). As\u00ed se sostiene este espacio.<\/p>\t\t\t\t\t\t<\/div>\n\t\t\t\t<\/div>\n\t\t\t\t<section class=\"elementor-section elementor-inner-section elementor-element elementor-element-599ff25 elementor-section-boxed elementor-section-height-default elementor-section-height-default\" data-id=\"599ff25\" data-element_type=\"section\">\n\t\t\t\t\t\t<div class=\"elementor-container elementor-column-gap-default\">\n\t\t\t\t\t<div class=\"elementor-column elementor-col-100 elementor-inner-column elementor-element elementor-element-7cbc9cd\" data-id=\"7cbc9cd\" data-element_type=\"column\">\n\t\t\t<div class=\"elementor-widget-wrap elementor-element-populated\">\n\t\t\t\t\t\t\t\t<div class=\"elementor-element elementor-element-a470b50 elementor-widget elementor-widget-html\" data-id=\"a470b50\" data-element_type=\"widget\" data-widget_type=\"html.default\">\n\t\t\t\t<div class=\"elementor-widget-container\">\n\t\t\t<a href='https:\/\/cafecito.app\/losprimerosfuegos' rel='noopener' target='_blank'><img srcset='https:\/\/cdn.cafecito.app\/imgs\/buttons\/button_5.png 1x, https:\/\/cdn.cafecito.app\/imgs\/buttons\/button_5_2x.png 2x, https:\/\/cdn.cafecito.app\/imgs\/buttons\/button_5_3.75x.png 3.75x' src='https:\/\/cdn.cafecito.app\/imgs\/buttons\/button_5.png' alt='Invitame un caf\u00e9 en cafecito.app' \/><\/a>\t\t<\/div>\n\t\t\t\t<\/div>\n\t\t\t\t\t<\/div>\n\t\t<\/div>\n\t\t\t\t\t\t\t<\/div>\n\t\t<\/section>\n\t\t\t\t<div class=\"elementor-element elementor-element-ddd8940 elementor-mobile-align-left elementor-widget elementor-widget-button\" data-id=\"ddd8940\" data-element_type=\"widget\" data-widget_type=\"button.default\">\n\t\t\t\t<div class=\"elementor-widget-container\">\n\t\t\t\t\t<div class=\"elementor-button-wrapper\">\n\t\t\t<a href=\"https:\/\/losprimerosfuegos.com\/wp-content\/uploads\/2026\/01\/Poemario-Matias.pdf\" class=\"elementor-button-link elementor-button elementor-size-sm\" role=\"button\">\n\t\t\t\t\t\t<span class=\"elementor-button-content-wrapper\">\n\t\t\t\t\t\t<span class=\"elementor-button-text\">Descargar<\/span>\n\t\t<\/span>\n\t\t\t\t\t<\/a>\n\t\t<\/div>\n\t\t\t\t<\/div>\n\t\t\t\t<\/div>\n\t\t\t\t\t<\/div>\n\t\t<\/div>\n\t\t\t\t\t\t\t<\/div>\n\t\t<\/section>\n\t\t\t\t\t\t\t<\/div>\n\t\t","protected":false},"excerpt":{"rendered":"<p>Cosas de chabones Mat\u00edas Cavanagh Te invitamos a descargar Cosas de chabones, un poemario de Mat\u00edas Cavanagh. Nuestras lecturas son a la gorra, as\u00ed que te invitamos a colaborar con un Cafecito (pod\u00e9s pagar con tu cuenta de Mercado Pago). As\u00ed se sostiene este espacio. Descargar<\/p>\n","protected":false},"author":1,"featured_media":0,"parent":0,"menu_order":0,"comment_status":"closed","ping_status":"closed","template":"","meta":{"om_disable_all_campaigns":false,"_monsterinsights_skip_tracking":false,"_monsterinsights_sitenote_active":false,"_monsterinsights_sitenote_note":"","_monsterinsights_sitenote_category":0,"site-sidebar-layout":"no-sidebar","site-content-layout":"page-builder","ast-global-header-display":"","ast-main-header-display":"","ast-hfb-above-header-display":"","ast-hfb-below-header-display":"","ast-hfb-mobile-header-display":"","site-post-title":"disabled","ast-breadcrumbs-content":"","ast-featured-img":"disabled","footer-sml-layout":"","theme-transparent-header-meta":"","adv-header-id-meta":"","stick-header-meta":"","header-above-stick-meta":"","header-main-stick-meta":"","header-below-stick-meta":""},"aioseo_notices":[],"_links":{"self":[{"href":"https:\/\/losprimerosfuegos.com\/index.php\/wp-json\/wp\/v2\/pages\/1226"}],"collection":[{"href":"https:\/\/losprimerosfuegos.com\/index.php\/wp-json\/wp\/v2\/pages"}],"about":[{"href":"https:\/\/losprimerosfuegos.com\/index.php\/wp-json\/wp\/v2\/types\/page"}],"author":[{"embeddable":true,"href":"https:\/\/losprimerosfuegos.com\/index.php\/wp-json\/wp\/v2\/users\/1"}],"replies":[{"embeddable":true,"href":"https:\/\/losprimerosfuegos.com\/index.php\/wp-json\/wp\/v2\/comments?post=1226"}],"version-history":[{"count":7,"href":"https:\/\/losprimerosfuegos.com\/index.php\/wp-json\/wp\/v2\/pages\/1226\/revisions"}],"predecessor-version":[{"id":1250,"href":"https:\/\/losprimerosfuegos.com\/index.php\/wp-json\/wp\/v2\/pages\/1226\/revisions\/1250"}],"wp:attachment":[{"href":"https:\/\/losprimerosfuegos.com\/index.php\/wp-json\/wp\/v2\/media?parent=1226"}],"curies":[{"name":"wp","href":"https:\/\/api.w.org\/{rel}","templated":true}]}}