{"id":1184,"date":"2025-12-30T18:42:51","date_gmt":"2025-12-30T18:42:51","guid":{"rendered":"https:\/\/losprimerosfuegos.com\/?page_id=1184"},"modified":"2025-12-30T18:53:46","modified_gmt":"2025-12-30T18:53:46","slug":"la-vida-no-es-algo-a-resolver-2","status":"publish","type":"page","link":"https:\/\/losprimerosfuegos.com\/index.php\/la-vida-no-es-algo-a-resolver-2\/","title":{"rendered":"La vida no es algo a resolver"},"content":{"rendered":"\t\t<div data-elementor-type=\"wp-page\" data-elementor-id=\"1184\" class=\"elementor elementor-1184\">\n\t\t\t\t\t\t\t\t\t<section class=\"elementor-section elementor-top-section elementor-element elementor-element-b665b7a elementor-section-boxed elementor-section-height-default elementor-section-height-default\" data-id=\"b665b7a\" data-element_type=\"section\">\n\t\t\t\t\t\t<div class=\"elementor-container elementor-column-gap-default\">\n\t\t\t\t\t<div class=\"elementor-column elementor-col-100 elementor-top-column elementor-element elementor-element-03fc7b0\" data-id=\"03fc7b0\" data-element_type=\"column\">\n\t\t\t<div class=\"elementor-widget-wrap elementor-element-populated\">\n\t\t\t\t\t\t\t\t<div class=\"elementor-element elementor-element-3ca16cb elementor-widget elementor-widget-text-editor\" data-id=\"3ca16cb\" data-element_type=\"widget\" data-widget_type=\"text-editor.default\">\n\t\t\t\t<div class=\"elementor-widget-container\">\n\t\t\t<style>\/*! elementor - v3.7.1 - 14-08-2022 *\/\n.elementor-widget-text-editor.elementor-drop-cap-view-stacked .elementor-drop-cap{background-color:#818a91;color:#fff}.elementor-widget-text-editor.elementor-drop-cap-view-framed .elementor-drop-cap{color:#818a91;border:3px solid;background-color:transparent}.elementor-widget-text-editor:not(.elementor-drop-cap-view-default) .elementor-drop-cap{margin-top:8px}.elementor-widget-text-editor:not(.elementor-drop-cap-view-default) .elementor-drop-cap-letter{width:1em;height:1em}.elementor-widget-text-editor .elementor-drop-cap{float:left;text-align:center;line-height:1;font-size:50px}.elementor-widget-text-editor .elementor-drop-cap-letter{display:inline-block}<\/style>\t\t\t\t<h2 style=\"font-style: normal; font-weight: 600; margin-bottom: 0px; color: #666666; font-family: Sanchez, sans-serif;\" data-elementor-setting-key=\"title\" data-pen-placeholder=\"Teclea aqu\u00ed...\">La vida no es algo a resolver<\/h2>\t\t\t\t\t\t<\/div>\n\t\t\t\t<\/div>\n\t\t\t\t\t<\/div>\n\t\t<\/div>\n\t\t\t\t\t\t\t<\/div>\n\t\t<\/section>\n\t\t\t\t<section class=\"elementor-section elementor-top-section elementor-element elementor-element-3ceda0e elementor-section-boxed elementor-section-height-default elementor-section-height-default\" data-id=\"3ceda0e\" data-element_type=\"section\">\n\t\t\t\t\t\t<div class=\"elementor-container elementor-column-gap-default\">\n\t\t\t\t\t<div class=\"elementor-column elementor-col-50 elementor-top-column elementor-element elementor-element-def3c33\" data-id=\"def3c33\" data-element_type=\"column\">\n\t\t\t<div class=\"elementor-widget-wrap elementor-element-populated\">\n\t\t\t\t\t\t\t\t<div class=\"elementor-element elementor-element-472c056 elementor-widget elementor-widget-image\" data-id=\"472c056\" data-element_type=\"widget\" data-widget_type=\"image.default\">\n\t\t\t\t<div class=\"elementor-widget-container\">\n\t\t\t<style>\/*! elementor - v3.7.1 - 14-08-2022 *\/\n.elementor-widget-image{text-align:center}.elementor-widget-image a{display:inline-block}.elementor-widget-image a img[src$=\".svg\"]{width:48px}.elementor-widget-image img{vertical-align:middle;display:inline-block}<\/style>\t\t\t\t\t\t\t\t\t\t\t\t<img decoding=\"async\" width=\"720\" height=\"1024\" src=\"https:\/\/losprimerosfuegos.com\/wp-content\/uploads\/2025\/12\/portada-la-vida-no-es-algo-1-720x1024.jpg\" class=\"attachment-large size-large\" alt=\"\" loading=\"lazy\" srcset=\"https:\/\/losprimerosfuegos.com\/wp-content\/uploads\/2025\/12\/portada-la-vida-no-es-algo-1-720x1024.jpg 720w, https:\/\/losprimerosfuegos.com\/wp-content\/uploads\/2025\/12\/portada-la-vida-no-es-algo-1-211x300.jpg 211w, https:\/\/losprimerosfuegos.com\/wp-content\/uploads\/2025\/12\/portada-la-vida-no-es-algo-1-768x1092.jpg 768w, https:\/\/losprimerosfuegos.com\/wp-content\/uploads\/2025\/12\/portada-la-vida-no-es-algo-1.jpg 840w\" sizes=\"(max-width: 720px) 100vw, 720px\" \/>\t\t\t\t\t\t\t\t\t\t\t\t\t\t\t<\/div>\n\t\t\t\t<\/div>\n\t\t\t\t\t<\/div>\n\t\t<\/div>\n\t\t\t\t<div class=\"elementor-column elementor-col-50 elementor-top-column elementor-element elementor-element-2619896\" data-id=\"2619896\" data-element_type=\"column\">\n\t\t\t<div class=\"elementor-widget-wrap elementor-element-populated\">\n\t\t\t\t\t\t\t\t<div class=\"elementor-element elementor-element-ddb80da elementor-widget elementor-widget-text-editor\" data-id=\"ddb80da\" data-element_type=\"widget\" data-widget_type=\"text-editor.default\">\n\t\t\t\t<div class=\"elementor-widget-container\">\n\t\t\t\t\t\t\t<p style=\"font-size: 15px; font-weight: 400;\"><span style=\"font-style: normal;\">Estos poemas fueron trabajados durante 2025 en talleres de poes\u00eda grupales coordinados por Gustavo Yuste y<\/span>\u00a0Tamara Grosso y se enviaron como regalo de navidad en el <a href=\"https:\/\/santoslocospoesia.substack.com\/\">Newsletter del club de lectura de Santos Locos<\/a> el 25\/12\/2025.\u00a0<\/p><p style=\"font-size: 15px; font-style: normal; font-weight: 400;\">Descarg\u00e1 el poemario desde el bot\u00f3n de abajo. Est\u00e1 pensado para leer desde el celular.\u00a0<\/p><p style=\"font-size: 15px; font-style: normal; font-weight: 400;\">El contenido es a la gorra: si te gusta, pod\u00e9s colaborar con un cafecito para que podamos sostener el espacio.<\/p><p style=\"font-size: 15px; font-style: normal; font-weight: 400;\">\u00a1Que lo disfrutes!<\/p>\t\t\t\t\t\t<\/div>\n\t\t\t\t<\/div>\n\t\t\t\t<div class=\"elementor-element elementor-element-b02c2e5 elementor-widget elementor-widget-html\" data-id=\"b02c2e5\" data-element_type=\"widget\" data-widget_type=\"html.default\">\n\t\t\t\t<div class=\"elementor-widget-container\">\n\t\t\t<a href='https:\/\/cafecito.app\/losprimerosfuegos' rel='noopener' target='_blank'><img srcset='https:\/\/cdn.cafecito.app\/imgs\/buttons\/button_5.png 1x, https:\/\/cdn.cafecito.app\/imgs\/buttons\/button_5_2x.png 2x, https:\/\/cdn.cafecito.app\/imgs\/buttons\/button_5_3.75x.png 3.75x' src='https:\/\/cdn.cafecito.app\/imgs\/buttons\/button_5.png' alt='Invitame un caf\u00e9 en cafecito.app' \/><\/a>\t\t<\/div>\n\t\t\t\t<\/div>\n\t\t\t\t<div class=\"elementor-element elementor-element-c90b825 elementor-mobile-align-left elementor-widget elementor-widget-button\" data-id=\"c90b825\" data-element_type=\"widget\" data-widget_type=\"button.default\">\n\t\t\t\t<div class=\"elementor-widget-container\">\n\t\t\t\t\t<div class=\"elementor-button-wrapper\">\n\t\t\t<a href=\"https:\/\/losprimerosfuegos.com\/wp-content\/uploads\/2025\/12\/La-vida-no-es-algo-a-resolver.pdf\" class=\"elementor-button-link elementor-button elementor-size-sm\" role=\"button\" id=\"sentido 0\">\n\t\t\t\t\t\t<span class=\"elementor-button-content-wrapper\">\n\t\t\t\t\t\t<span class=\"elementor-button-text\">Descargar<\/span>\n\t\t<\/span>\n\t\t\t\t\t<\/a>\n\t\t<\/div>\n\t\t\t\t<\/div>\n\t\t\t\t<\/div>\n\t\t\t\t\t<\/div>\n\t\t<\/div>\n\t\t\t\t\t\t\t<\/div>\n\t\t<\/section>\n\t\t\t\t\t\t\t<\/div>\n\t\t","protected":false},"excerpt":{"rendered":"<p>La vida no es algo a resolver Estos poemas fueron trabajados durante 2025 en talleres de poes\u00eda grupales coordinados por Gustavo Yuste y\u00a0Tamara Grosso y se enviaron como regalo de navidad en el Newsletter del club de lectura de Santos Locos el 25\/12\/2025.\u00a0 Descarg\u00e1 el poemario desde el bot\u00f3n de abajo. Est\u00e1 pensado para leer &hellip;<\/p>\n<p class=\"read-more\"> <a class=\"\" href=\"https:\/\/losprimerosfuegos.com\/index.php\/la-vida-no-es-algo-a-resolver-2\/\"> <span class=\"screen-reader-text\">La vida no es algo a resolver<\/span> Leer m\u00e1s &raquo;<\/a><\/p>\n","protected":false},"author":1,"featured_media":0,"parent":0,"menu_order":0,"comment_status":"closed","ping_status":"closed","template":"","meta":{"om_disable_all_campaigns":false,"_monsterinsights_skip_tracking":false,"_monsterinsights_sitenote_active":false,"_monsterinsights_sitenote_note":"","_monsterinsights_sitenote_category":0,"site-sidebar-layout":"no-sidebar","site-content-layout":"page-builder","ast-global-header-display":"","ast-main-header-display":"","ast-hfb-above-header-display":"","ast-hfb-below-header-display":"","ast-hfb-mobile-header-display":"","site-post-title":"disabled","ast-breadcrumbs-content":"","ast-featured-img":"disabled","footer-sml-layout":"","theme-transparent-header-meta":"","adv-header-id-meta":"","stick-header-meta":"","header-above-stick-meta":"","header-main-stick-meta":"","header-below-stick-meta":""},"aioseo_notices":[],"_links":{"self":[{"href":"https:\/\/losprimerosfuegos.com\/index.php\/wp-json\/wp\/v2\/pages\/1184"}],"collection":[{"href":"https:\/\/losprimerosfuegos.com\/index.php\/wp-json\/wp\/v2\/pages"}],"about":[{"href":"https:\/\/losprimerosfuegos.com\/index.php\/wp-json\/wp\/v2\/types\/page"}],"author":[{"embeddable":true,"href":"https:\/\/losprimerosfuegos.com\/index.php\/wp-json\/wp\/v2\/users\/1"}],"replies":[{"embeddable":true,"href":"https:\/\/losprimerosfuegos.com\/index.php\/wp-json\/wp\/v2\/comments?post=1184"}],"version-history":[{"count":4,"href":"https:\/\/losprimerosfuegos.com\/index.php\/wp-json\/wp\/v2\/pages\/1184\/revisions"}],"predecessor-version":[{"id":1196,"href":"https:\/\/losprimerosfuegos.com\/index.php\/wp-json\/wp\/v2\/pages\/1184\/revisions\/1196"}],"wp:attachment":[{"href":"https:\/\/losprimerosfuegos.com\/index.php\/wp-json\/wp\/v2\/media?parent=1184"}],"curies":[{"name":"wp","href":"https:\/\/api.w.org\/{rel}","templated":true}]}}